{"id":648,"date":"2013-03-23T13:05:14","date_gmt":"2013-03-23T13:05:14","guid":{"rendered":"http:\/\/themenectar.com\/demo\/salient\/?page_id=18"},"modified":"2026-03-12T15:56:51","modified_gmt":"2026-03-12T08:56:51","slug":"about","status":"publish","type":"page","link":"https:\/\/edgargirerd.com\/fr\/about\/","title":{"rendered":"\u00c0 propos"},"content":{"rendered":"<div id=\"fws_69dc3cbac2524\"  data-midnight=\"light\" data-bg-mobile-hidden=\"\" class=\"wpb_row vc_row-fluid vc_row full-width-content standard_section vertically-align-columns\"  style=\"padding-top: 0px; padding-bottom: 0px; \"><div class=\"row-bg-wrap\"> <div class=\"row-bg\"  style=\"\" data-color_overlay=\"\" data-color_overlay_2=\"\" data-gradient_direction=\"\" data-overlay_strength=\"0.3\" data-enable_gradient=\"false\"><\/div> <\/div><div class=\"col span_12 light left\">\n\t<div style=\"\" class=\"vc_col-sm-6 wpb_column column_container vc_column_container col padding-4-percent\" data-using-bg=\"true\" data-bg-cover=\"\" data-padding-pos=\"all\" data-has-bg-color=\"true\" data-bg-color=\"#222222\" data-bg-opacity=\"1\" data-hover-bg=\"\" data-hover-bg-opacity=\"1\" data-animation=\"\" data-delay=\"0\">\n\t\t<div class=\"vc_column-inner\">\n\t\t\t<div class=\"wpb_wrapper\">\n\t\t\t\t\r\n\t<div id=\"fws_69dc3cbac288d\" data-midnight=\"\" data-bg-mobile-hidden=\"\" class=\"wpb_row vc_row-fluid vc_row standard_section\"  style=\"padding-top: 0px; padding-bottom: 0px; \"><div class=\"row-bg-wrap\"> <div class=\"row-bg\"  style=\"\"><\/div> <\/div><div class=\"col span_12  left\">\n\t<div  class=\"vc_col-sm-4 wpb_column column_container vc_column_container col padding-2-percent\"  data-bg-cover=\"\" data-padding-pos=\"all\" data-has-bg-color=\"false\" data-bg-color=\"\" data-bg-opacity=\"1\" data-hover-bg=\"\" data-hover-bg-opacity=\"1\" data-animation=\"\" data-delay=\"0\">\n\t\t<div class=\"vc_column-inner\">\n\t\t<div class=\"wpb_wrapper\">\n\t\t\t\n\t<div class= \"vc_pie_chart wpb_content_element\" data-pie-value=\"100\" data-pie-label-value=\"\" data-pie-units=\"\" data-pie-color=\"rgba(47,203,214,1)\">\n\t\t<div class=\"wpb_wrapper\">\n\t\t\t<div class=\"vc_pie_wrapper #2fcbd6\">\n\t\t\t<span style=\"border-color: rgba(47,203,214,1);\" class=\"vc_pie_chart_back\"><\/span>\n\t\t\t<span style=\"color: #2fcbd6;\" class=\"vc_pie_chart_value\"><\/span>\n\t\t\t<canvas width=\"101\" height=\"101\"><\/canvas>\n\t\t\t<\/div><h4 class=\"wpb_heading wpb_pie_chart_heading\">Leadership en delivery et direction de projets digitaux<\/h4>\n\t\t<\/div>\n\t<\/div>\n\n\t\t<\/div> \n\t<\/div>\n\t<\/div> \n\n\t<div  class=\"vc_col-sm-4 wpb_column column_container vc_column_container col padding-2-percent\"  data-bg-cover=\"\" data-padding-pos=\"all\" data-has-bg-color=\"false\" data-bg-color=\"\" data-bg-opacity=\"1\" data-hover-bg=\"\" data-hover-bg-opacity=\"1\" data-animation=\"\" data-delay=\"0\">\n\t\t<div class=\"vc_column-inner\">\n\t\t<div class=\"wpb_wrapper\">\n\t\t\t\n\t<div class= \"vc_pie_chart wpb_content_element\" data-pie-value=\"100\" data-pie-label-value=\"\" data-pie-units=\"\" data-pie-color=\"rgba(47,203,214,1)\">\n\t\t<div class=\"wpb_wrapper\">\n\t\t\t<div class=\"vc_pie_wrapper #2fcbd6\">\n\t\t\t<span style=\"border-color: rgba(47,203,214,1);\" class=\"vc_pie_chart_back\"><\/span>\n\t\t\t<span style=\"color: #2fcbd6;\" class=\"vc_pie_chart_value\"><\/span>\n\t\t\t<canvas width=\"101\" height=\"101\"><\/canvas>\n\t\t\t<\/div><h4 class=\"wpb_heading wpb_pie_chart_heading\">Direction UX\/UI, ateliers, wireframes et prototypes<\/h4>\n\t\t<\/div>\n\t<\/div>\n\n\t\t<\/div> \n\t<\/div>\n\t<\/div> \n\n\t<div  class=\"vc_col-sm-4 wpb_column column_container vc_column_container col padding-2-percent\"  data-bg-cover=\"\" data-padding-pos=\"all\" data-has-bg-color=\"false\" data-bg-color=\"\" data-bg-opacity=\"1\" data-hover-bg=\"\" data-hover-bg-opacity=\"1\" data-animation=\"\" data-delay=\"0\">\n\t\t<div class=\"vc_column-inner\">\n\t\t<div class=\"wpb_wrapper\">\n\t\t\t\n\t<div class= \"vc_pie_chart wpb_content_element\" data-pie-value=\"100\" data-pie-label-value=\"\" data-pie-units=\"\" data-pie-color=\"rgba(47,203,214,1)\">\n\t\t<div class=\"wpb_wrapper\">\n\t\t\t<div class=\"vc_pie_wrapper #2fcbd6\">\n\t\t\t<span style=\"border-color: rgba(47,203,214,1);\" class=\"vc_pie_chart_back\"><\/span>\n\t\t\t<span style=\"color: #2fcbd6;\" class=\"vc_pie_chart_value\"><\/span>\n\t\t\t<canvas width=\"101\" height=\"101\"><\/canvas>\n\t\t\t<\/div><h4 class=\"wpb_heading wpb_pie_chart_heading\">Gestion de projets digitaux, cadrage et planification des mises en production<\/h4>\n\t\t<\/div>\n\t<\/div>\n\n\t\t<\/div> \n\t<\/div>\n\t<\/div> \n<\/div><\/div>\n\t\t\t<\/div> \n\t\t<\/div>\n\t<\/div> \n\n\t<div style=\"\" class=\"vc_col-sm-6 wpb_column column_container vc_column_container col padding-4-percent\" data-using-bg=\"true\" data-bg-cover=\"\" data-padding-pos=\"all\" data-has-bg-color=\"true\" data-bg-color=\"#222222\" data-bg-opacity=\"1\" data-hover-bg=\"\" data-hover-bg-opacity=\"1\" data-animation=\"\" data-delay=\"0\">\n\t\t<div class=\"vc_column-inner\">\n\t\t\t<div class=\"wpb_wrapper\">\n\t\t\t\t\r\n\t<div class=\"wpb_text_column wpb_content_element\" >\r\n\t\t<div class=\"wpb_wrapper\">\r\n\t\t\t<h3>Un peu sur moi ?<\/h3>\n<p>Je suis Edgar, Delivery Lead et Directeur de Projet sp\u00e9cialis\u00e9 dans la delivery digitale multi-clients, avec un fort ancrage en UX et UI. Bas\u00e9 \u00e0 Lyon, j\u2019accompagne des clients internationaux, startups, PME et marques \u00e9tablies.<\/p>\n<p>Mon background ?<\/p>\n<p data-start=\"5362\" data-end=\"5600\">Titulaire d\u2019un dipl\u00f4me en design et gestion de projet, j\u2019ai plus de 10 ans d\u2019exp\u00e9rience dans la livraison de produits digitaux tels que des sites web, applications web et mobiles, CRM, plateformes administratives et solutions e-commerce.<br \/>\nJ\u2019ai \u00e9volu\u00e9 vers des fonctions de direction UX\/UI au sein d\u2019agences digitales \u00e0 l\u2019international, et je combine aujourd\u2019hui pilotage de delivery et solide culture technique acquise notamment gr\u00e2ce \u00e0 une formation full stack.<\/p>\n\r\n\t\t<\/div>\r\n\t<\/div>\r\n\n\t\t\t<\/div> \n\t\t<\/div>\n\t<\/div> \n<\/div><\/div>\r\n\t\t<div id=\"fws_69dc3cbac301f\"  data-midnight=\"dark\" data-bg-mobile-hidden=\"\" class=\"wpb_row vc_row-fluid vc_row full-width-content standard_section vertically-align-columns\"  style=\"padding-top: 0px; padding-bottom: 0px; \"><div class=\"row-bg-wrap\"> <div class=\"row-bg\"  style=\"\" data-color_overlay=\"\" data-color_overlay_2=\"\" data-gradient_direction=\"\" data-overlay_strength=\"0.3\" data-enable_gradient=\"false\"><\/div> <\/div><div class=\"col span_12 dark left\">\n\t<div style=\"\" class=\"vc_col-sm-6 wpb_column column_container vc_column_container col padding-4-percent\" data-using-bg=\"true\" data-bg-cover=\"\" data-padding-pos=\"all\" data-has-bg-color=\"true\" data-bg-color=\"#ffffff\" data-bg-opacity=\"1\" data-hover-bg=\"\" data-hover-bg-opacity=\"1\" data-animation=\"\" data-delay=\"0\">\n\t\t<div class=\"vc_column-inner\">\n\t\t\t<div class=\"wpb_wrapper\">\n\t\t\t\t\r\n\t<div id=\"fws_69dc3cbac316c\" data-midnight=\"\" data-bg-mobile-hidden=\"\" class=\"wpb_row vc_row-fluid vc_row standard_section\"  style=\"padding-top: 0px; padding-bottom: 0px; \"><div class=\"row-bg-wrap\"> <div class=\"row-bg\"  style=\"\"><\/div> <\/div><div class=\"col span_12  left\">\n\t<div  class=\"vc_col-sm-12 wpb_column column_container vc_column_container col has-animation no-extra-padding\"  data-bg-cover=\"\" data-padding-pos=\"all\" data-has-bg-color=\"false\" data-bg-color=\"\" data-bg-opacity=\"1\" data-hover-bg=\"\" data-hover-bg-opacity=\"1\" data-animation=\"flip-in\" data-delay=\"0\">\n\t\t<div class=\"vc_column-inner\">\n\t\t<div class=\"wpb_wrapper\">\n\t\t\t\r\n\t<div class=\"wpb_text_column wpb_content_element\" >\r\n\t\t<div class=\"wpb_wrapper\">\r\n\t\t\t<h3>Un peu plus sur moi ?<\/h3>\n<p class=\"p1\">Je me sp\u00e9cialise dans la delivery digitale orient\u00e9e UX, en combinant recherche utilisateur, direction d\u2019interface et ex\u00e9cution projet structur\u00e9e. Mon objectif est d\u2019aider les \u00e9quipes \u00e0 livrer des solutions claires et utilisables, align\u00e9es avec les enjeux business et les contraintes techniques.<\/p>\n<p>Qu\u2019il s\u2019agisse d\u2019un site web, d\u2019un CRM, d\u2019une application mobile ou d\u2019une plateforme sur mesure, j\u2019accompagne la structuration et le pilotage du projet de la discovery \u00e0 la mise en production. Je veille \u00e0 la clart\u00e9 du p\u00e9rim\u00e8tre, \u00e0 la coh\u00e9rence des parcours utilisateurs et \u00e0 la collaboration fluide entre parties prenantes, design et \u00e9quipes techniques.<\/p>\n<p data-start=\"497\" data-end=\"648\">Afin de renforcer ma compr\u00e9hension technique, j\u2019ai suivi un bootcamp full stack ax\u00e9 sur la conception, le d\u00e9veloppement et la mise en production de produits web et mobiles.<\/p>\n<p><a class=\"nectar-button small accent-color has-icon regular-button\" target=\"_blank\" href=\"https:\/\/fr.linkedin.com\/in\/edgargirerd\" data-color-override=\"#20CFEF\" data-hover-color-override=\"false\" data-hover-text-color-override=\"#fff\"><span>LinkedIn<\/span><i class=\"icon-linkedin\"><\/i><\/a>\u00a0 <a class=\"nectar-button small accent-color has-icon regular-button\" target=\"_blank\" href=\"https:\/\/www.behance.net\/edgart-design\" data-color-override=\"#20CFEF\" data-hover-color-override=\"false\" data-hover-text-color-override=\"#fff\"><span>Behance<\/span><i class=\"icon-google-plus\"><\/i><\/a><\/p>\n\r\n\t\t<\/div>\r\n\t<\/div>\r\n\n\t\t<\/div> \n\t<\/div>\n\t<\/div> \n<\/div><\/div>\n\t\t\t<\/div> \n\t\t<\/div>\n\t<\/div> \n\n\t<div style=\"\" class=\"vc_col-sm-6 wpb_column column_container vc_column_container col no-extra-padding\" data-using-bg=\"true\" data-bg-cover=\"\" data-padding-pos=\"all\" data-has-bg-color=\"true\" data-bg-color=\"#222222\" data-bg-opacity=\"1\" data-hover-bg=\"\" data-hover-bg-opacity=\"1\" data-animation=\"\" data-delay=\"0\">\n\t\t<div class=\"vc_column-inner\">\n\t\t\t<div class=\"wpb_wrapper\">\n\t\t\t\t<div style=\"height: 550px\"  data-transition=\"slide\" data-overall_style=\"classic\" data-flexible-height=\"\" data-animate-in-effect=\"none\" data-fullscreen=\"false\" data-button-sizing=\"regular\" data-button-styling=\"btn_with_count\" data-autorotate=\"\" data-parallax=\"false\" data-full-width=\"false\" class=\"nectar-slider-wrap\" id=\"ns-id-69dc3cbac33f5\">\r\n\t\t\t<div style=\"height: 550px\" class=\"swiper-container\"  data-tho=\"auto\" data-tco=\"auto\" data-pho=\"auto\" data-pco=\"auto\" data-loop=\"false\" data-height=\"550\" data-min-height=\"\" data-arrows=\"false\" data-bullets=\"false\" data-bullet_style=\"see_through\" data-desktop-swipe=\"false\" data-settings=\"\">\r\n\t\t\t\t    <div class=\"swiper-wrapper\"><div class=\"swiper-slide\" data-bg-alignment=\"center\" data-color-scheme=\"light\" data-x-pos=\"centered\" data-y-pos=\"middle\"> \r\n\t\t\t\t\t\t\t\t<div class=\"image-bg\" style=\"background-image: url(https:\/\/edgargirerd.com\/wp-content\/uploads\/2021\/01\/Edgar-Girerd-UX-Workshop.jpg);\"> &nbsp; <\/div><div class=\"container\">\r\n\t\t\t\t\t\t\t\t\t<div class=\"content\"><\/div>\r\n\t\t\t\t\t\t\t\t<\/div><!--\/container--><div class=\"video-texture\"> <span class=\"ie-fix\"><\/span> <\/div><\/div><!--\/swiper-slide--><\/div><div class=\"nectar-slider-loading\"> <span class=\"loading-icon spin\">   <\/span> <\/div> <\/div> \r\n\t\t\t\t\r\n\t\t\t<\/div>\n\t\t\t<\/div> \n\t\t<\/div>\n\t<\/div> \n<\/div><\/div>\r\n\t\t<div id=\"fws_69dc3cbac59bc\"  data-midnight=\"light\" data-bg-mobile-hidden=\"\" class=\"wpb_row vc_row-fluid vc_row full-width-section standard_section\"  style=\"padding-top: 60px; padding-bottom: 40px; \"><div class=\"row-bg-wrap\"> <div class=\"row-bg  using-bg-color\"  style=\"background-color: #20cfef; \" data-color_overlay=\"\" data-color_overlay_2=\"\" data-gradient_direction=\"\" data-overlay_strength=\"0.3\" data-enable_gradient=\"false\"><\/div> <\/div><div class=\"col span_12 light center\">\n\t<div  class=\"vc_col-sm-12 wpb_column column_container vc_column_container col no-extra-padding\"  data-bg-cover=\"\" data-padding-pos=\"all\" data-has-bg-color=\"false\" data-bg-color=\"\" data-bg-opacity=\"1\" data-hover-bg=\"\" data-hover-bg-opacity=\"1\" data-animation=\"\" data-delay=\"0\">\n\t\t<div class=\"vc_column-inner\">\n\t\t\t<div class=\"wpb_wrapper\">\n\t\t\t\t\r\n\t<div class=\"wpb_text_column wpb_content_element\" >\r\n\t\t<div class=\"wpb_wrapper\">\r\n\t\t\t<h2 class=\"light\" style=\"text-align: center;\">Voici mon CV <a class=\"nectar-button large see-through has-icon\" target=\"_blank\" href=\"https:\/\/edgargirerd.com\/wp-content\/uploads\/2026\/03\/Edgar-Girerd-Agency-Delivery-CV-2026-FR.pdf\" data-color-override=\"false\" data-hover-color-override=\"false\" data-hover-text-color-override=\"#fff\"><span>T\u00e9l\u00e9charger CV<\/span><i class=\"icon-button-arrow\"><\/i><\/a><\/h2>\n\r\n\t\t<\/div>\r\n\t<\/div>\r\n\n\t\t\t<\/div> \n\t\t<\/div>\n\t<\/div> \n<\/div><\/div>\r\n\t\t<div id=\"fws_69dc3cbac5ba8\"  data-midnight=\"dark\" data-bg-mobile-hidden=\"\" class=\"wpb_row vc_row-fluid vc_row full-width-section standard_section\"  style=\"padding-top: 50px; padding-bottom: 50px; \"><div class=\"row-bg-wrap\"> <div class=\"row-bg  using-bg-color\"  style=\"background-color: #222222; \" data-color_overlay=\"\" data-color_overlay_2=\"\" data-gradient_direction=\"\" data-overlay_strength=\"0.3\" data-enable_gradient=\"false\"><\/div> <\/div><div class=\"col span_12 dark left\">\n\t<div  class=\"vc_col-sm-12 wpb_column column_container vc_column_container col centered-text no-extra-padding\"  data-bg-cover=\"\" data-padding-pos=\"all\" data-has-bg-color=\"false\" data-bg-color=\"\" data-bg-opacity=\"1\" data-hover-bg=\"\" data-hover-bg-opacity=\"1\" data-animation=\"\" data-delay=\"0\">\n\t\t<div class=\"vc_column-inner\">\n\t\t\t<div class=\"wpb_wrapper\">\n\t\t\t\t\r\n\t<div id=\"fws_69dc3cbac5cf1\" data-midnight=\"\" data-bg-mobile-hidden=\"\" class=\"wpb_row vc_row-fluid vc_row standard_section\"  style=\"padding-top: 0px; padding-bottom: 0px; \"><div class=\"row-bg-wrap\"> <div class=\"row-bg\"  style=\"\"><\/div> <\/div><div class=\"col span_12  left\">\n\t<div  class=\"vc_col-sm-2 wpb_column column_container vc_column_container col no-extra-padding\"  data-bg-cover=\"\" data-padding-pos=\"all\" data-has-bg-color=\"false\" data-bg-color=\"\" data-bg-opacity=\"1\" data-hover-bg=\"\" data-hover-bg-opacity=\"1\" data-animation=\"\" data-delay=\"0\">\n\t\t<div class=\"vc_column-inner\">\n\t\t<div class=\"wpb_wrapper\">\n\t\t\t<div class=\"divider-wrap\"><div style=\"height: 25px;\" class=\"divider\"><\/div><\/div>\n\t\t<\/div> \n\t<\/div>\n\t<\/div> \n\n\t<div  class=\"vc_col-sm-8 wpb_column column_container vc_column_container col no-extra-padding\"  data-bg-cover=\"\" data-padding-pos=\"all\" data-has-bg-color=\"false\" data-bg-color=\"\" data-bg-opacity=\"1\" data-hover-bg=\"\" data-hover-bg-opacity=\"1\" data-animation=\"\" data-delay=\"0\">\n\t\t<div class=\"vc_column-inner\">\n\t\t<div class=\"wpb_wrapper\">\n\t\t\t<div class=\"img-with-aniamtion-wrap center\" data-max-width=\"100%\"><div class=\"inner\"><a href=\"https:\/\/edgargirerd.com\/wp-content\/uploads\/2026\/03\/Edgar-Girerd-Agency-Delivery-CV-2026-FR.pdf\" target=\"_blank\" class=\"center\"><img data-shadow=\"none\" data-shadow-direction=\"middle\" class=\"img-with-animation\" data-delay=\"0\" height=\"2097\" width=\"1482\" data-animation=\"none\" src=\"https:\/\/edgargirerd.com\/wp-content\/uploads\/2026\/03\/Edgar-Girerd-Agency-Delivery-CV-2026-FR.png\" alt=\"Edgar Girerd Agency Delivery CV\" \/><\/a><\/div><\/div>\n\t\t<\/div> \n\t<\/div>\n\t<\/div> \n\n\t<div  class=\"vc_col-sm-2 wpb_column column_container vc_column_container col no-extra-padding\"  data-bg-cover=\"\" data-padding-pos=\"all\" data-has-bg-color=\"false\" data-bg-color=\"\" data-bg-opacity=\"1\" data-hover-bg=\"\" data-hover-bg-opacity=\"1\" data-animation=\"\" data-delay=\"0\">\n\t\t<div class=\"vc_column-inner\">\n\t\t<div class=\"wpb_wrapper\">\n\t\t\t<div class=\"divider-wrap\"><div style=\"height: 25px;\" class=\"divider\"><\/div><\/div>\n\t\t<\/div> \n\t<\/div>\n\t<\/div> \n<\/div><\/div>\n\t\t\t<\/div> \n\t\t<\/div>\n\t<\/div> \n<\/div><\/div>\r\n\t\t<div id=\"fws_69dc3cbac63da\"  data-midnight=\"light\" data-bg-mobile-hidden=\"\" class=\"wpb_row vc_row-fluid vc_row full-width-section standard_section\"  style=\"padding-top: 60px; padding-bottom: 40px; \"><div class=\"row-bg-wrap\"> <div class=\"row-bg  using-bg-color\"  style=\"background-color: #6b58cd; \" data-color_overlay=\"\" data-color_overlay_2=\"\" data-gradient_direction=\"\" data-overlay_strength=\"0.3\" data-enable_gradient=\"false\"><\/div> <\/div><div class=\"col span_12 light center\">\n\t<div  class=\"vc_col-sm-12 wpb_column column_container vc_column_container col no-extra-padding\"  data-bg-cover=\"\" data-padding-pos=\"all\" data-has-bg-color=\"false\" data-bg-color=\"\" data-bg-opacity=\"1\" data-hover-bg=\"\" data-hover-bg-opacity=\"1\" data-animation=\"\" data-delay=\"0\">\n\t\t<div class=\"vc_column-inner\">\n\t\t\t<div class=\"wpb_wrapper\">\n\t\t\t\t\r\n\t<div class=\"wpb_text_column wpb_content_element\" >\r\n\t\t<div class=\"wpb_wrapper\">\r\n\t\t\t<h2 class=\"light\" style=\"text-align: center;\">Une question ? <a class=\"nectar-button large see-through has-icon\"  href=\"http:\/\/edgargirerd.com\/index.php\/contact\/\" data-color-override=\"false\" data-hover-color-override=\"false\" data-hover-text-color-override=\"#fff\"><span>Contactez-moi<\/span><i class=\"icon-button-arrow\"><\/i><\/a><\/h2>\n\r\n\t\t<\/div>\r\n\t<\/div>\r\n\n\t\t\t<\/div> \n\t\t<\/div>\n\t<\/div> \n<\/div><\/div>","protected":false},"excerpt":{"rendered":"","protected":false},"author":1,"featured_media":0,"parent":0,"menu_order":43,"comment_status":"closed","ping_status":"closed","template":"","meta":[],"yoast_head":"<!-- This site is optimized with the Yoast SEO plugin v18.4.1 - https:\/\/yoast.com\/wordpress\/plugins\/seo\/ -->\n<title>About Edgar Girerd, Delivery Lead &amp; Project Director - Edg&#039;Art<\/title>\n<meta name=\"description\" content=\"Edgar Girerd is a French Designer who worked his way through Digital Project Management. About Edgar Girerd? He is evolving with new technologies and passionate of UX\/UI processes which leads him focusing on User Experience design through web and application designs.\" \/>\n<meta name=\"robots\" content=\"index, follow, max-snippet:-1, max-image-preview:large, max-video-preview:-1\" \/>\n<link rel=\"canonical\" href=\"https:\/\/edgargirerd.com\/fr\/about\/\" \/>\n<meta property=\"og:locale\" content=\"fr_FR\" \/>\n<meta property=\"og:type\" content=\"article\" \/>\n<meta property=\"og:title\" content=\"About Edgar Girerd, Delivery Lead &amp; Project Director - Edg&#039;Art\" \/>\n<meta property=\"og:description\" content=\"Edgar Girerd is a French Designer who worked his way through Digital Project Management. About Edgar Girerd? He is evolving with new technologies and passionate of UX\/UI processes which leads him focusing on User Experience design through web and application designs.\" \/>\n<meta property=\"og:url\" content=\"https:\/\/edgargirerd.com\/fr\/about\/\" \/>\n<meta property=\"og:site_name\" content=\"Edgar Girerd\" \/>\n<meta property=\"article:modified_time\" content=\"2026-03-12T08:56:51+00:00\" \/>\n<meta property=\"og:image\" content=\"https:\/\/edgargirerd.com\/wp-content\/uploads\/2015\/12\/Edgart.png\" \/>\n\t<meta property=\"og:image:width\" content=\"1120\" \/>\n\t<meta property=\"og:image:height\" content=\"688\" \/>\n\t<meta property=\"og:image:type\" content=\"image\/png\" \/>\n<meta name=\"twitter:card\" content=\"summary\" \/>\n<meta name=\"twitter:label1\" content=\"Dur\u00e9e de lecture estim\u00e9e\" \/>\n\t<meta name=\"twitter:data1\" content=\"2 minutes\" \/>\n<script type=\"application\/ld+json\" class=\"yoast-schema-graph\">{\"@context\":\"https:\/\/schema.org\",\"@graph\":[{\"@type\":[\"Person\",\"Organization\"],\"@id\":\"https:\/\/edgargirerd.com\/#\/schema\/person\/981122da79ca576886d000692038a474\",\"name\":\"edgargirerd\",\"image\":{\"@type\":\"ImageObject\",\"@id\":\"https:\/\/edgargirerd.com\/#personlogo\",\"inLanguage\":\"fr-FR\",\"url\":\"https:\/\/edgargirerd.com\/wp-content\/uploads\/2015\/12\/Edgart.png\",\"contentUrl\":\"https:\/\/edgargirerd.com\/wp-content\/uploads\/2015\/12\/Edgart.png\",\"width\":1120,\"height\":688,\"caption\":\"edgargirerd\"},\"logo\":{\"@id\":\"https:\/\/edgargirerd.com\/#personlogo\"},\"sameAs\":[\"http:\/\/www.edgargirerd.com\"]},{\"@type\":\"WebSite\",\"@id\":\"https:\/\/edgargirerd.com\/#website\",\"url\":\"https:\/\/edgargirerd.com\/\",\"name\":\"Edgar Girerd\",\"description\":\"Edgar Girerd - Delivery Lead, Project Director &amp; UX\/UI Director - Edg&#039;Art\",\"publisher\":{\"@id\":\"https:\/\/edgargirerd.com\/#\/schema\/person\/981122da79ca576886d000692038a474\"},\"potentialAction\":[{\"@type\":\"SearchAction\",\"target\":{\"@type\":\"EntryPoint\",\"urlTemplate\":\"https:\/\/edgargirerd.com\/?s={search_term_string}\"},\"query-input\":\"required name=search_term_string\"}],\"inLanguage\":\"fr-FR\"},{\"@type\":\"WebPage\",\"@id\":\"https:\/\/edgargirerd.com\/about\/#webpage\",\"url\":\"https:\/\/edgargirerd.com\/about\/\",\"name\":\"About Edgar Girerd, Delivery Lead & Project Director - Edg'Art\",\"isPartOf\":{\"@id\":\"https:\/\/edgargirerd.com\/#website\"},\"datePublished\":\"2013-03-23T13:05:14+00:00\",\"dateModified\":\"2026-03-12T08:56:51+00:00\",\"description\":\"Edgar Girerd is a French Designer who worked his way through Digital Project Management. About Edgar Girerd? He is evolving with new technologies and passionate of UX\/UI processes which leads him focusing on User Experience design through web and application designs.\",\"breadcrumb\":{\"@id\":\"https:\/\/edgargirerd.com\/about\/#breadcrumb\"},\"inLanguage\":\"fr-FR\",\"potentialAction\":[{\"@type\":\"ReadAction\",\"target\":[\"https:\/\/edgargirerd.com\/about\/\"]}]},{\"@type\":\"BreadcrumbList\",\"@id\":\"https:\/\/edgargirerd.com\/about\/#breadcrumb\",\"itemListElement\":[{\"@type\":\"ListItem\",\"position\":1,\"name\":\"Accueil\",\"item\":\"https:\/\/edgargirerd.com\/\"},{\"@type\":\"ListItem\",\"position\":2,\"name\":\"About Me\"}]}]}<\/script>\n<!-- \/ Yoast SEO plugin. -->","yoast_head_json":{"title":"About Edgar Girerd, Delivery Lead & Project Director - Edg'Art","description":"Edgar Girerd is a French Designer who worked his way through Digital Project Management. About Edgar Girerd? He is evolving with new technologies and passionate of UX\/UI processes which leads him focusing on User Experience design through web and application designs.","robots":{"index":"index","follow":"follow","max-snippet":"max-snippet:-1","max-image-preview":"max-image-preview:large","max-video-preview":"max-video-preview:-1"},"canonical":"https:\/\/edgargirerd.com\/fr\/about\/","og_locale":"fr_FR","og_type":"article","og_title":"About Edgar Girerd, Delivery Lead & Project Director - Edg'Art","og_description":"Edgar Girerd is a French Designer who worked his way through Digital Project Management. About Edgar Girerd? He is evolving with new technologies and passionate of UX\/UI processes which leads him focusing on User Experience design through web and application designs.","og_url":"https:\/\/edgargirerd.com\/fr\/about\/","og_site_name":"Edgar Girerd","article_modified_time":"2026-03-12T08:56:51+00:00","og_image":[{"width":1120,"height":688,"url":"https:\/\/edgargirerd.com\/wp-content\/uploads\/2015\/12\/Edgart.png","type":"image\/png"}],"twitter_card":"summary","twitter_misc":{"Dur\u00e9e de lecture estim\u00e9e":"2 minutes"},"schema":{"@context":"https:\/\/schema.org","@graph":[{"@type":["Person","Organization"],"@id":"https:\/\/edgargirerd.com\/#\/schema\/person\/981122da79ca576886d000692038a474","name":"edgargirerd","image":{"@type":"ImageObject","@id":"https:\/\/edgargirerd.com\/#personlogo","inLanguage":"fr-FR","url":"https:\/\/edgargirerd.com\/wp-content\/uploads\/2015\/12\/Edgart.png","contentUrl":"https:\/\/edgargirerd.com\/wp-content\/uploads\/2015\/12\/Edgart.png","width":1120,"height":688,"caption":"edgargirerd"},"logo":{"@id":"https:\/\/edgargirerd.com\/#personlogo"},"sameAs":["http:\/\/www.edgargirerd.com"]},{"@type":"WebSite","@id":"https:\/\/edgargirerd.com\/#website","url":"https:\/\/edgargirerd.com\/","name":"Edgar Girerd","description":"Edgar Girerd - Delivery Lead, Project Director &amp; UX\/UI Director - Edg&#039;Art","publisher":{"@id":"https:\/\/edgargirerd.com\/#\/schema\/person\/981122da79ca576886d000692038a474"},"potentialAction":[{"@type":"SearchAction","target":{"@type":"EntryPoint","urlTemplate":"https:\/\/edgargirerd.com\/?s={search_term_string}"},"query-input":"required name=search_term_string"}],"inLanguage":"fr-FR"},{"@type":"WebPage","@id":"https:\/\/edgargirerd.com\/about\/#webpage","url":"https:\/\/edgargirerd.com\/about\/","name":"About Edgar Girerd, Delivery Lead & Project Director - Edg'Art","isPartOf":{"@id":"https:\/\/edgargirerd.com\/#website"},"datePublished":"2013-03-23T13:05:14+00:00","dateModified":"2026-03-12T08:56:51+00:00","description":"Edgar Girerd is a French Designer who worked his way through Digital Project Management. About Edgar Girerd? He is evolving with new technologies and passionate of UX\/UI processes which leads him focusing on User Experience design through web and application designs.","breadcrumb":{"@id":"https:\/\/edgargirerd.com\/about\/#breadcrumb"},"inLanguage":"fr-FR","potentialAction":[{"@type":"ReadAction","target":["https:\/\/edgargirerd.com\/about\/"]}]},{"@type":"BreadcrumbList","@id":"https:\/\/edgargirerd.com\/about\/#breadcrumb","itemListElement":[{"@type":"ListItem","position":1,"name":"Accueil","item":"https:\/\/edgargirerd.com\/"},{"@type":"ListItem","position":2,"name":"About Me"}]}]}},"_links":{"self":[{"href":"https:\/\/edgargirerd.com\/fr\/wp-json\/wp\/v2\/pages\/648"}],"collection":[{"href":"https:\/\/edgargirerd.com\/fr\/wp-json\/wp\/v2\/pages"}],"about":[{"href":"https:\/\/edgargirerd.com\/fr\/wp-json\/wp\/v2\/types\/page"}],"author":[{"embeddable":true,"href":"https:\/\/edgargirerd.com\/fr\/wp-json\/wp\/v2\/users\/1"}],"replies":[{"embeddable":true,"href":"https:\/\/edgargirerd.com\/fr\/wp-json\/wp\/v2\/comments?post=648"}],"version-history":[{"count":65,"href":"https:\/\/edgargirerd.com\/fr\/wp-json\/wp\/v2\/pages\/648\/revisions"}],"predecessor-version":[{"id":4624,"href":"https:\/\/edgargirerd.com\/fr\/wp-json\/wp\/v2\/pages\/648\/revisions\/4624"}],"wp:attachment":[{"href":"https:\/\/edgargirerd.com\/fr\/wp-json\/wp\/v2\/media?parent=648"}],"curies":[{"name":"wp","href":"https:\/\/api.w.org\/{rel}","templated":true}]}}